{"id":65021,"date":"2025-11-18T16:19:48","date_gmt":"2025-11-18T15:19:48","guid":{"rendered":"https:\/\/www.linvosges-hotellerie.com\/?post_type=product&#038;p=65021"},"modified":"2025-11-18T16:35:06","modified_gmt":"2025-11-18T15:35:06","slug":"coussin-cocoon","status":"publish","type":"product","link":"https:\/\/www.linvosges-hotellerie.com\/fr\/eponges\/spa-piscine\/coussin-cocoon\/","title":{"rendered":"Coussin waterproof Cocoon"},"content":{"rendered":"<p>Oreiller moelleux muni d&#8217;une enveloppe imperm\u00e9able. Id\u00e9al pour offrir un confort suppl\u00e9mentaire lors des soins sur table<\/p>\n<p>Enveloppe 100% polyester 185grs\/m\u00b2 hydrofuge<br \/>\nGarnissage fibres creuses silicon\u00e9es<\/p>\n<p>Dimensions : 30&#215;50, 40&#215;60 cm<\/p>\n","protected":false},"excerpt":{"rendered":"<p>Lavage en machine \u00e0 30\u00b0<br \/>\nChlore et agents de blanchiment interdit<br \/>\nS\u00e8che linge interdit<br \/>\nRepassage interdit<br \/>\nProduits autoris\u00e9s pour le nettoyage \u00e0 sec : Perchlor\u00e9thyl\u00e8ne, Hydrocarbures<\/p>\n<p><span class=\"ginetex\"> w o d m E <\/span><\/p>\n","protected":false},"featured_media":65022,"template":"","meta":{"_acf_changed":false},"label":[3331],"product_brand":[],"product_cat":[43,57],"product_tag":[],"gamme":[3326],"matiere":[787],"class_list":{"0":"post-65021","1":"product","2":"type-product","3":"status-publish","4":"has-post-thumbnail","6":"label-nouveau","7":"product_cat-oreiller-et-traversin","8":"product_cat-spa-piscine","9":"pa_couleur-ecru","10":"pa_dimensions-30x50-cm","11":"pa_dimensions-40x60-cm","12":"pa_matiere-100-polyester","13":"gamme-cocoon","14":"matiere-polyester","16":"first","17":"instock","18":"taxable","19":"shipping-taxable","20":"purchasable","21":"product-type-variable","22":"has-default-attributes"},"acf":[],"df_price":4.6,"df_sale_price":"","df_regular_price":4.6,"df_image_link":"https:\/\/www.linvosges-hotellerie.com\/wp-content\/uploads\/2025\/11\/coussin-cocoon-hotel-spa-professionnel-linvosges-hotellerie-300x300.jpg","_links":{"self":[{"href":"https:\/\/www.linvosges-hotellerie.com\/fr\/wp-json\/wp\/v2\/product\/65021","targetHints":{"allow":["GET"]}}],"collection":[{"href":"https:\/\/www.linvosges-hotellerie.com\/fr\/wp-json\/wp\/v2\/product"}],"about":[{"href":"https:\/\/www.linvosges-hotellerie.com\/fr\/wp-json\/wp\/v2\/types\/product"}],"wp:featuredmedia":[{"embeddable":true,"href":"https:\/\/www.linvosges-hotellerie.com\/fr\/wp-json\/wp\/v2\/media\/65022"}],"wp:attachment":[{"href":"https:\/\/www.linvosges-hotellerie.com\/fr\/wp-json\/wp\/v2\/media?parent=65021"}],"wp:term":[{"taxonomy":"label","embeddable":true,"href":"https:\/\/www.linvosges-hotellerie.com\/fr\/wp-json\/wp\/v2\/label?post=65021"},{"taxonomy":"product_brand","embeddable":true,"href":"https:\/\/www.linvosges-hotellerie.com\/fr\/wp-json\/wp\/v2\/product_brand?post=65021"},{"taxonomy":"product_cat","embeddable":true,"href":"https:\/\/www.linvosges-hotellerie.com\/fr\/wp-json\/wp\/v2\/product_cat?post=65021"},{"taxonomy":"product_tag","embeddable":true,"href":"https:\/\/www.linvosges-hotellerie.com\/fr\/wp-json\/wp\/v2\/product_tag?post=65021"},{"taxonomy":"gamme","embeddable":true,"href":"https:\/\/www.linvosges-hotellerie.com\/fr\/wp-json\/wp\/v2\/gamme?post=65021"},{"taxonomy":"matiere","embeddable":true,"href":"https:\/\/www.linvosges-hotellerie.com\/fr\/wp-json\/wp\/v2\/matiere?post=65021"}],"curies":[{"name":"wp","href":"https:\/\/api.w.org\/{rel}","templated":true}]}}