{"id":65180,"date":"2025-12-03T15:02:42","date_gmt":"2025-12-03T14:02:42","guid":{"rendered":"https:\/\/www.linvosges-hotellerie.com\/?post_type=product&#038;p=65180"},"modified":"2026-02-16T10:42:38","modified_gmt":"2026-02-16T09:42:38","slug":"serviette-de-table-a-cheverny","status":"publish","type":"product","link":"https:\/\/www.linvosges-hotellerie.com\/fr\/la-table\/linge-de-table\/serviette-de-table\/serviette-de-table-a-cheverny\/","title":{"rendered":"Serviette de table \u00c0 CHEVERNY"},"content":{"rendered":"<p>Une \u00e9l\u00e9gante serviette de table en piqu\u00e9 de coton<br \/>\nMati\u00e8re noble par excellence, le coton, naturellement confortable et r\u00e9sistant, trouve sa place dans les restaurants de type gastronomique<\/p>\n<p>Finition : ourlets simples de 1cm<\/p>\n","protected":false},"excerpt":{"rendered":"<p>Lavage en machine \u00e0 40\u00b0<br \/>\nChlore et agents de blanchiment interdit<br \/>\nS\u00e9chage en tambour \u00e0 60\u00b0<br \/>\nRepassage \u00e0 une temp\u00e9rature de 150\u00b0 maximum<br \/>\nNettoyage \u00e0 sec interdit<\/p>\n<p><span class=\"ginetex\">8 o s b U <\/span><\/p>\n","protected":false},"featured_media":65192,"template":"","meta":{"_acf_changed":false},"label":[],"product_brand":[],"product_cat":[697,833],"product_tag":[],"gamme":[3339],"matiere":[784],"class_list":{"0":"post-65180","1":"product","2":"type-product","3":"status-publish","4":"has-post-thumbnail","6":"product_cat-la-table","7":"product_cat-serviette-de-table","8":"pa_couleur-blanc","9":"pa_dimensions-45x45-cm","10":"pa_grammage-260grs-m","11":"pa_matiere-100-coton","12":"gamme-a-cheverny","13":"matiere-coton","15":"first","16":"instock","17":"taxable","18":"shipping-taxable","19":"purchasable","20":"product-type-variable","21":"has-default-attributes"},"acf":[],"df_price":40.57,"df_sale_price":"","df_regular_price":40.57,"df_image_link":"https:\/\/www.linvosges-hotellerie.com\/wp-content\/uploads\/2025\/12\/SERVIETTE-A-CHEVERNY-300x300.jpg","_links":{"self":[{"href":"https:\/\/www.linvosges-hotellerie.com\/fr\/wp-json\/wp\/v2\/product\/65180","targetHints":{"allow":["GET"]}}],"collection":[{"href":"https:\/\/www.linvosges-hotellerie.com\/fr\/wp-json\/wp\/v2\/product"}],"about":[{"href":"https:\/\/www.linvosges-hotellerie.com\/fr\/wp-json\/wp\/v2\/types\/product"}],"wp:featuredmedia":[{"embeddable":true,"href":"https:\/\/www.linvosges-hotellerie.com\/fr\/wp-json\/wp\/v2\/media\/65192"}],"wp:attachment":[{"href":"https:\/\/www.linvosges-hotellerie.com\/fr\/wp-json\/wp\/v2\/media?parent=65180"}],"wp:term":[{"taxonomy":"label","embeddable":true,"href":"https:\/\/www.linvosges-hotellerie.com\/fr\/wp-json\/wp\/v2\/label?post=65180"},{"taxonomy":"product_brand","embeddable":true,"href":"https:\/\/www.linvosges-hotellerie.com\/fr\/wp-json\/wp\/v2\/product_brand?post=65180"},{"taxonomy":"product_cat","embeddable":true,"href":"https:\/\/www.linvosges-hotellerie.com\/fr\/wp-json\/wp\/v2\/product_cat?post=65180"},{"taxonomy":"product_tag","embeddable":true,"href":"https:\/\/www.linvosges-hotellerie.com\/fr\/wp-json\/wp\/v2\/product_tag?post=65180"},{"taxonomy":"gamme","embeddable":true,"href":"https:\/\/www.linvosges-hotellerie.com\/fr\/wp-json\/wp\/v2\/gamme?post=65180"},{"taxonomy":"matiere","embeddable":true,"href":"https:\/\/www.linvosges-hotellerie.com\/fr\/wp-json\/wp\/v2\/matiere?post=65180"}],"curies":[{"name":"wp","href":"https:\/\/api.w.org\/{rel}","templated":true}]}}