{"id":6600,"date":"2020-12-16T05:46:37","date_gmt":"2020-12-16T04:46:37","guid":{"rendered":"https:\/\/www.linvosges-hotellerie.fr\/non%20class\u00e9\/set-de-table-bulles\/"},"modified":"2025-04-23T21:32:58","modified_gmt":"2025-04-23T19:32:58","slug":"set-de-table-bulles","status":"publish","type":"product","link":"https:\/\/www.linvosges-hotellerie.com\/fr\/la-table\/linge-de-table-sur-mesure\/set-de-table-bulles\/","title":{"rendered":"Set de table Bulles"},"content":{"rendered":"<p>Un nappage coton blanc r\u00e9hauss\u00e9 de bulles<br \/>\nMati\u00e8re noble par excellence, le coton, naturellement confortable et r\u00e9sistant, trouve sa place dans les restaurants de type gastronomique<\/p>\n<p>4 finitions au choix :<br \/>\n&#8211; ourlet simple : piqu\u00e9 \u00e0\u00a0 2cm du bord pour les nappes et \u00e0\u00a0 1cm pour les serviettes &#8211; finition classique traditionnelle<br \/>\n&#8211; coins onglet 2cm : les ourlets de 2cm sont assembl\u00e9s par une couture \u00e0 45\u00b0 pour des pointes parfaites &#8211; finition raffin\u00e9e<br \/>\n&#8211; coins onglet 5cm : les ourlets de 5cm sont assembl\u00e9s par une couture \u00e0 45\u00b0 pour des pointes parfaites &#8211; finition tr\u00e8s raffin\u00e9e<br \/>\n&#8211; biais int\u00e9rieur : biais de 18mm cousu sur l&#8217;envers pour se rendre invisible &#8211; finition r\u00e9serv\u00e9e au nappes rondes pour \u00e9pouser les courbes du tissu<\/p>\n","protected":false},"excerpt":{"rendered":"<p>Lavage en machine \u00e0 60\u00b0<br \/>\nBlanchiment possible<br \/>\nS\u00e9chage en tambour \u00e0 60\u00b0<br \/>\nRepassage \u00e0 une temp\u00e9rature de 200\u00b0 maximum<br \/>\nNettoyage \u00e0 sec interdit<\/p>\n<p><span class=\"ginetex\"> 4 u s v U <\/span><\/p>\n","protected":false},"featured_media":9432,"template":"","meta":{"_acf_changed":false},"label":[],"product_brand":[],"product_cat":[700,697,67,871],"product_tag":[],"gamme":[633],"matiere":[784],"class_list":{"0":"post-6600","1":"product","2":"type-product","3":"status-publish","4":"has-post-thumbnail","6":"product_cat-coton-linge-de-table","7":"product_cat-la-table","8":"product_cat-linge-de-table-sur-mesure","9":"product_cat-set-de-table-sur-mesure","10":"pa_couleur-blanc","11":"pa_dimensions-35x45-cm","12":"pa_finition-coins-onglet-2-cm","13":"pa_grammage-230grs-m","14":"pa_matiere-100-coton","15":"gamme-bulles","16":"matiere-coton","18":"first","19":"instock","20":"taxable","21":"shipping-taxable","22":"purchasable","23":"product-type-variable","24":"has-default-attributes"},"acf":[],"df_price":"","df_sale_price":"","df_regular_price":"","df_image_link":"https:\/\/www.linvosges-hotellerie.com\/wp-content\/uploads\/2020\/12\/linge-de-table-bulles-coton-230-grs-m2-professionnel-restaurant-linvosges-hotellerie-300x300.jpg","_links":{"self":[{"href":"https:\/\/www.linvosges-hotellerie.com\/fr\/wp-json\/wp\/v2\/product\/6600","targetHints":{"allow":["GET"]}}],"collection":[{"href":"https:\/\/www.linvosges-hotellerie.com\/fr\/wp-json\/wp\/v2\/product"}],"about":[{"href":"https:\/\/www.linvosges-hotellerie.com\/fr\/wp-json\/wp\/v2\/types\/product"}],"wp:featuredmedia":[{"embeddable":true,"href":"https:\/\/www.linvosges-hotellerie.com\/fr\/wp-json\/wp\/v2\/media\/9432"}],"wp:attachment":[{"href":"https:\/\/www.linvosges-hotellerie.com\/fr\/wp-json\/wp\/v2\/media?parent=6600"}],"wp:term":[{"taxonomy":"label","embeddable":true,"href":"https:\/\/www.linvosges-hotellerie.com\/fr\/wp-json\/wp\/v2\/label?post=6600"},{"taxonomy":"product_brand","embeddable":true,"href":"https:\/\/www.linvosges-hotellerie.com\/fr\/wp-json\/wp\/v2\/product_brand?post=6600"},{"taxonomy":"product_cat","embeddable":true,"href":"https:\/\/www.linvosges-hotellerie.com\/fr\/wp-json\/wp\/v2\/product_cat?post=6600"},{"taxonomy":"product_tag","embeddable":true,"href":"https:\/\/www.linvosges-hotellerie.com\/fr\/wp-json\/wp\/v2\/product_tag?post=6600"},{"taxonomy":"gamme","embeddable":true,"href":"https:\/\/www.linvosges-hotellerie.com\/fr\/wp-json\/wp\/v2\/gamme?post=6600"},{"taxonomy":"matiere","embeddable":true,"href":"https:\/\/www.linvosges-hotellerie.com\/fr\/wp-json\/wp\/v2\/matiere?post=6600"}],"curies":[{"name":"wp","href":"https:\/\/api.w.org\/{rel}","templated":true}]}}