{"id":6705,"date":"2020-12-16T05:46:50","date_gmt":"2020-12-16T04:46:50","guid":{"rendered":"https:\/\/www.linvosges-hotellerie.fr\/non%20class\u00e9\/napperon-carre-farandole\/"},"modified":"2025-04-23T21:34:23","modified_gmt":"2025-04-23T19:34:23","slug":"napperon-carre-farandole","status":"publish","type":"product","link":"https:\/\/www.linvosges-hotellerie.com\/fr\/la-table\/linge-de-table-sur-mesure\/napperon-carre-farandole\/","title":{"rendered":"Napperon carr\u00e9 Farandole"},"content":{"rendered":"<p>Un nappage en pur coton r\u00e9alis\u00e9 avec des proc\u00e9d\u00e9s exclusifs garantissant une exceptionnelle long\u00e9vit\u00e9 et une allure impeccable. Tissage armur\u00e9 double fils retors merceris\u00e9 pour un effet lin<br \/>\nMati\u00e8re noble par excellence, le coton, naturellement confortable et r\u00e9sistant, trouve sa place dans les restaurants de type gastronomique<\/p>\n<p>4 finitions au choix :<br \/>\n&#8211; ourlet simple : piqu\u00e9 \u00e0\u00a0 2cm du bord pour les nappes et \u00e0\u00a0 1cm pour les serviettes &#8211; finition classique traditionnelle<br \/>\n&#8211; coins onglet 2cm : les ourlets de 2cm sont assembl\u00e9s par une couture \u00e0 45\u00b0 pour des pointes parfaites &#8211; finition raffin\u00e9e<br \/>\n&#8211; coins onglet 5cm : les ourlets de 5cm sont assembl\u00e9s par une couture \u00e0 45\u00b0 pour des pointes parfaites &#8211; finition tr\u00e8s raffin\u00e9e<br \/>\n&#8211; biais int\u00e9rieur : biais de 18mm cousu sur l&#8217;envers pour se rendre invisible &#8211; finition r\u00e9serv\u00e9e au nappes rondes pour \u00e9pouser les courbes du tissu<\/p>\n","protected":false},"excerpt":{"rendered":"<p>Lavage en machine \u00e0 95\u00b0<br \/>\nChlore et agents de blanchiment interdit<br \/>\nS\u00e9chage en tambour \u00e0 60\u00b0<br \/>\nRepassage \u00e0 une temp\u00e9rature de 150\u00b0 maximum<br \/>\nProduits autoris\u00e9s pour le nettoyage \u00e0 sec : Perchlor\u00e9thyl\u00e8ne, Hydrocarbures<\/p>\n<p><span class=\"ginetex\"> 2 o s b E <\/span><\/p>\n","protected":false},"featured_media":10216,"template":"","meta":{"_acf_changed":false},"label":[],"product_brand":[],"product_cat":[700,697,67,870],"product_tag":[],"gamme":[639],"matiere":[784],"class_list":{"0":"post-6705","1":"product","2":"type-product","3":"status-publish","4":"has-post-thumbnail","6":"product_cat-coton-linge-de-table","7":"product_cat-la-table","8":"product_cat-linge-de-table-sur-mesure","9":"product_cat-nappe-sur-mesure","10":"pa_couleur-blanc","11":"pa_dimensions-90x90-cm","12":"pa_finition-coins-onglet-2-cm","13":"pa_finition-coins-onglet-5-cm","14":"pa_finition-ourlet-simple","15":"pa_grammage-200grs-m","16":"pa_matiere-100-coton","17":"gamme-farandole","18":"matiere-coton","20":"first","21":"outofstock","22":"taxable","23":"shipping-taxable","24":"product-type-variable","25":"has-default-attributes"},"acf":[],"df_price":"","df_sale_price":"","df_regular_price":"","df_image_link":"https:\/\/www.linvosges-hotellerie.com\/wp-content\/uploads\/2020\/12\/linge-de-table-farandole-professionnel-restaurant-linvosges-hotellerie-professionnel-restaurant-4-300x300.jpg","_links":{"self":[{"href":"https:\/\/www.linvosges-hotellerie.com\/fr\/wp-json\/wp\/v2\/product\/6705","targetHints":{"allow":["GET"]}}],"collection":[{"href":"https:\/\/www.linvosges-hotellerie.com\/fr\/wp-json\/wp\/v2\/product"}],"about":[{"href":"https:\/\/www.linvosges-hotellerie.com\/fr\/wp-json\/wp\/v2\/types\/product"}],"wp:featuredmedia":[{"embeddable":true,"href":"https:\/\/www.linvosges-hotellerie.com\/fr\/wp-json\/wp\/v2\/media\/10216"}],"wp:attachment":[{"href":"https:\/\/www.linvosges-hotellerie.com\/fr\/wp-json\/wp\/v2\/media?parent=6705"}],"wp:term":[{"taxonomy":"label","embeddable":true,"href":"https:\/\/www.linvosges-hotellerie.com\/fr\/wp-json\/wp\/v2\/label?post=6705"},{"taxonomy":"product_brand","embeddable":true,"href":"https:\/\/www.linvosges-hotellerie.com\/fr\/wp-json\/wp\/v2\/product_brand?post=6705"},{"taxonomy":"product_cat","embeddable":true,"href":"https:\/\/www.linvosges-hotellerie.com\/fr\/wp-json\/wp\/v2\/product_cat?post=6705"},{"taxonomy":"product_tag","embeddable":true,"href":"https:\/\/www.linvosges-hotellerie.com\/fr\/wp-json\/wp\/v2\/product_tag?post=6705"},{"taxonomy":"gamme","embeddable":true,"href":"https:\/\/www.linvosges-hotellerie.com\/fr\/wp-json\/wp\/v2\/gamme?post=6705"},{"taxonomy":"matiere","embeddable":true,"href":"https:\/\/www.linvosges-hotellerie.com\/fr\/wp-json\/wp\/v2\/matiere?post=6705"}],"curies":[{"name":"wp","href":"https:\/\/api.w.org\/{rel}","templated":true}]}}