{"id":7567,"date":"2020-12-16T05:48:13","date_gmt":"2020-12-16T04:48:13","guid":{"rendered":"https:\/\/www.linvosges-hotellerie.fr\/non%20class\u00e9\/napperon-rectangulaire-baccarat\/"},"modified":"2025-10-29T17:11:07","modified_gmt":"2025-10-29T16:11:07","slug":"napperon-rectangulaire-baccarat","status":"publish","type":"product","link":"https:\/\/www.linvosges-hotellerie.com\/fr\/la-table\/linge-de-table-sur-mesure\/polyester\/napperon-rectangulaire-baccarat\/","title":{"rendered":"Napperon rectangulaire Baccarat"},"content":{"rendered":"<p>Nappage en polyester \u00e0 l&#8217;aspect mat et au toucher coton.<br \/>\nAppr\u00e9ci\u00e9 pour sa facilit\u00e9 d&#8217;entretien, le nappage polyester s\u00e9duit par sa fluidit\u00e9<\/p>\n<p>4 finitions au choix :<br \/>\n&#8211; ourlet simple : piqu\u00e9 \u00e0\u00a0 2cm du bord pour les nappes et \u00e0\u00a0 1cm pour les serviettes &#8211; finition classique traditionnelle<br \/>\n&#8211; coins onglet 2cm : les ourlets de 2cm sont assembl\u00e9s par une couture \u00e0 45\u00b0 pour des pointes parfaites &#8211; finition raffin\u00e9e<br \/>\n&#8211; coins onglet 5cm : les ourlets de 5cm sont assembl\u00e9s par une couture \u00e0 45\u00b0 pour des pointes parfaites &#8211; finition tr\u00e8s raffin\u00e9e<br \/>\n&#8211; biais int\u00e9rieur : biais de 18mm cousu sur l&#8217;envers pour se rendre invisible &#8211; finition r\u00e9serv\u00e9e au nappes rondes pour \u00e9pouser les courbes du tissu<\/p>\n","protected":false},"excerpt":{"rendered":"<p>Lavage en machine \u00e0 95\u00b0<br \/>\nChlore et agents de blanchiment interdit<br \/>\nS\u00e9chage en tambour \u00e0 60\u00b0<br \/>\nRepassage \u00e0 une temp\u00e9rature de 150\u00b0 maximum<br \/>\nNettoyage \u00e0 sec interdit<\/p>\n<p><span class=\"ginetex\"> 2 o s b U <\/span><\/p>\n","protected":false},"featured_media":9407,"template":"","meta":{"_acf_changed":false},"label":[],"product_brand":[],"product_cat":[697,870,611],"product_tag":[],"gamme":[655],"matiere":[787],"class_list":{"0":"post-7567","1":"product","2":"type-product","3":"status-publish","4":"has-post-thumbnail","6":"product_cat-la-table","7":"product_cat-nappe-sur-mesure","8":"product_cat-polyester","9":"pa_couleur-blanc","10":"pa_couleur-cappucino","11":"pa_couleur-creme","12":"pa_couleur-fusain","13":"pa_couleur-plomb","14":"pa_couleur-raisin","15":"pa_couleur-rouge","16":"pa_dimensions-90x130-cm","17":"pa_finition-coins-onglet-2-cm","18":"pa_finition-coins-onglet-5-cm","19":"pa_finition-ourlet-simple","20":"pa_grammage-215grs-m","21":"pa_matiere-100-polyester","22":"gamme-baccarat","23":"matiere-polyester","25":"first","26":"instock","27":"taxable","28":"shipping-taxable","29":"purchasable","30":"product-type-variable","31":"has-default-attributes"},"acf":[],"df_price":"","df_sale_price":"","df_regular_price":"","df_image_link":"https:\/\/www.linvosges-hotellerie.com\/wp-content\/uploads\/2020\/12\/linge-de-table-baccarat-polyester-215-grs-m2-professionnel-restaurant-linvosges-hotellerie-300x300.jpg","_links":{"self":[{"href":"https:\/\/www.linvosges-hotellerie.com\/fr\/wp-json\/wp\/v2\/product\/7567","targetHints":{"allow":["GET"]}}],"collection":[{"href":"https:\/\/www.linvosges-hotellerie.com\/fr\/wp-json\/wp\/v2\/product"}],"about":[{"href":"https:\/\/www.linvosges-hotellerie.com\/fr\/wp-json\/wp\/v2\/types\/product"}],"wp:featuredmedia":[{"embeddable":true,"href":"https:\/\/www.linvosges-hotellerie.com\/fr\/wp-json\/wp\/v2\/media\/9407"}],"wp:attachment":[{"href":"https:\/\/www.linvosges-hotellerie.com\/fr\/wp-json\/wp\/v2\/media?parent=7567"}],"wp:term":[{"taxonomy":"label","embeddable":true,"href":"https:\/\/www.linvosges-hotellerie.com\/fr\/wp-json\/wp\/v2\/label?post=7567"},{"taxonomy":"product_brand","embeddable":true,"href":"https:\/\/www.linvosges-hotellerie.com\/fr\/wp-json\/wp\/v2\/product_brand?post=7567"},{"taxonomy":"product_cat","embeddable":true,"href":"https:\/\/www.linvosges-hotellerie.com\/fr\/wp-json\/wp\/v2\/product_cat?post=7567"},{"taxonomy":"product_tag","embeddable":true,"href":"https:\/\/www.linvosges-hotellerie.com\/fr\/wp-json\/wp\/v2\/product_tag?post=7567"},{"taxonomy":"gamme","embeddable":true,"href":"https:\/\/www.linvosges-hotellerie.com\/fr\/wp-json\/wp\/v2\/gamme?post=7567"},{"taxonomy":"matiere","embeddable":true,"href":"https:\/\/www.linvosges-hotellerie.com\/fr\/wp-json\/wp\/v2\/matiere?post=7567"}],"curies":[{"name":"wp","href":"https:\/\/api.w.org\/{rel}","templated":true}]}}