{"id":8996,"date":"2020-12-16T05:50:29","date_gmt":"2020-12-16T04:50:29","guid":{"rendered":"https:\/\/www.linvosges-hotellerie.fr\/non%20class\u00e9\/nappe-carree-oslo\/"},"modified":"2025-10-29T11:45:26","modified_gmt":"2025-10-29T10:45:26","slug":"nappe-carree-oslo","status":"publish","type":"product","link":"https:\/\/www.linvosges-hotellerie.com\/fr\/la-table\/linge-de-table-sur-mesure\/nappe-carree-oslo\/","title":{"rendered":"Nappe carr\u00e9e Oslo"},"content":{"rendered":"<p>Un enduit souple et facile d&#8217;entretien \u00e0 l&#8217;aspect lin<br \/>\nCe nappage offre un beau compromis entre la nappe en tissu pour un tomb\u00e9 souple et la toile cir\u00e9e pour un entretien facile \u00e0 l&#8217;\u00e9ponge<\/p>\n<p>4 finitions au choix :<br \/>\n&#8211; ourlet simple : piqu\u00e9 \u00e0\u00a0 2cm du bord pour les nappes &#8211; finition classique traditionnelle<br \/>\n&#8211; coins onglet 2cm : les ourlets de 2cm sont assembl\u00e9s par une couture \u00e0 45\u00b0 pour des pointes parfaites &#8211; finition raffin\u00e9e<br \/>\n&#8211; coins onglet 5cm : les ourlets de 5cm sont assembl\u00e9s par une couture \u00e0 45\u00b0 pour des pointes parfaites &#8211; finition tr\u00e8s raffin\u00e9e<br \/>\n&#8211; biais int\u00e9rieur : biais de 18mm cousu sur l&#8217;envers pour se rendre invisible &#8211; finition r\u00e9serv\u00e9e au nappes rondes pour \u00e9pouser les courbes du tissu<\/p>\n","protected":false},"excerpt":{"rendered":"<p>Lavage en machine \u00e0 30\u00b0<br \/>\nChlore et agents de blanchiment interdit<br \/>\nS\u00e9chage en machine interdit<br \/>\nRepassage \u00e0 une temp\u00e9rature de 110\u00b0 maximum sans vapeur<br \/>\nProduits autoris\u00e9s pour le nettoyage \u00e0 sec : Perchlor\u00e9thyl\u00e8ne, Hydrocarbures<\/p>\n<p><span class=\"ginetex\"> w o d n W <\/span><\/p>\n","protected":false},"featured_media":10245,"template":"","meta":{"_acf_changed":false},"label":[],"product_brand":[],"product_cat":[621,697,67,870],"product_tag":[],"gamme":[679],"matiere":[793],"class_list":{"0":"post-8996","1":"product","2":"type-product","3":"status-publish","4":"has-post-thumbnail","6":"product_cat-enduit","7":"product_cat-la-table","8":"product_cat-linge-de-table-sur-mesure","9":"product_cat-nappe-sur-mesure","10":"pa_couleur-anis","11":"pa_couleur-bleu","12":"pa_couleur-bordeaux","13":"pa_couleur-gris","14":"pa_couleur-ivoire","15":"pa_couleur-orange","16":"pa_couleur-rouge","17":"pa_couleur-royal","18":"pa_couleur-sable","19":"pa_couleur-soleil","20":"pa_couleur-taupe","21":"pa_dimensions-130x130-cm","22":"pa_finition-coins-onglet-2-cm","23":"pa_finition-coins-onglet-5-cm","24":"pa_finition-ourlet-simple","25":"pa_grammage-190grs-m","26":"pa_matiere-70-coton-30-polyester","27":"gamme-oslo","28":"matiere-polycoton","30":"first","31":"outofstock","32":"taxable","33":"shipping-taxable","34":"product-type-variable","35":"has-default-attributes"},"acf":[],"df_price":"","df_sale_price":"","df_regular_price":"","df_image_link":"https:\/\/www.linvosges-hotellerie.com\/wp-content\/uploads\/2020\/12\/linge-de-table-oslo-professionnel-restaurant-linvosges-hotellerie-professionnel-restaurant-2-300x300.jpg","_links":{"self":[{"href":"https:\/\/www.linvosges-hotellerie.com\/fr\/wp-json\/wp\/v2\/product\/8996","targetHints":{"allow":["GET"]}}],"collection":[{"href":"https:\/\/www.linvosges-hotellerie.com\/fr\/wp-json\/wp\/v2\/product"}],"about":[{"href":"https:\/\/www.linvosges-hotellerie.com\/fr\/wp-json\/wp\/v2\/types\/product"}],"wp:featuredmedia":[{"embeddable":true,"href":"https:\/\/www.linvosges-hotellerie.com\/fr\/wp-json\/wp\/v2\/media\/10245"}],"wp:attachment":[{"href":"https:\/\/www.linvosges-hotellerie.com\/fr\/wp-json\/wp\/v2\/media?parent=8996"}],"wp:term":[{"taxonomy":"label","embeddable":true,"href":"https:\/\/www.linvosges-hotellerie.com\/fr\/wp-json\/wp\/v2\/label?post=8996"},{"taxonomy":"product_brand","embeddable":true,"href":"https:\/\/www.linvosges-hotellerie.com\/fr\/wp-json\/wp\/v2\/product_brand?post=8996"},{"taxonomy":"product_cat","embeddable":true,"href":"https:\/\/www.linvosges-hotellerie.com\/fr\/wp-json\/wp\/v2\/product_cat?post=8996"},{"taxonomy":"product_tag","embeddable":true,"href":"https:\/\/www.linvosges-hotellerie.com\/fr\/wp-json\/wp\/v2\/product_tag?post=8996"},{"taxonomy":"gamme","embeddable":true,"href":"https:\/\/www.linvosges-hotellerie.com\/fr\/wp-json\/wp\/v2\/gamme?post=8996"},{"taxonomy":"matiere","embeddable":true,"href":"https:\/\/www.linvosges-hotellerie.com\/fr\/wp-json\/wp\/v2\/matiere?post=8996"}],"curies":[{"name":"wp","href":"https:\/\/api.w.org\/{rel}","templated":true}]}}