{"id":9394,"date":"2020-12-16T05:51:09","date_gmt":"2020-12-16T04:51:09","guid":{"rendered":"https:\/\/www.linvosges-hotellerie.fr\/non%20class\u00e9\/set-de-table-jamagne\/"},"modified":"2025-04-23T21:29:33","modified_gmt":"2025-04-23T19:29:33","slug":"set-de-table-jamagne","status":"publish","type":"product","link":"https:\/\/www.linvosges-hotellerie.com\/fr\/la-table\/linge-de-table\/set-de-table\/set-de-table-jamagne\/","title":{"rendered":"Set de table Jamagne"},"content":{"rendered":"<p>Un set de table reversible \u00e0 l&#8217;aspect cuir textur\u00e9. Finition piq\u00fbre bord \u00e0 bord. Nettoyage \u00e0 l\u2019\u00e9ponge imbib\u00e9e d\u2019une solution d\u00e9sinfectante ou \u00e0 l\u2019eau savonneuse pour un entretien efficace. Ne pas utiliser d&#8217;alcool, eau de javel ou de solvant.<\/p>\n<p>Attention stocks limit\u00e9s<\/p>\n","protected":false},"excerpt":{"rendered":"<p>Nettoyage \u00e0 l\u2019\u00e9ponge imbib\u00e9e d\u2019une solution d\u00e9sinfectante ou \u00e0 l\u2019eau savonneuse<\/p>\n<p><span class=\"ginetex\"> z o d m U <\/span><\/p>\n","protected":false},"featured_media":10270,"template":"","meta":{"_acf_changed":false},"label":[],"product_brand":[],"product_cat":[687,697,869,873,866],"product_tag":[],"gamme":[688],"matiere":[],"class_list":{"0":"post-9394","1":"product","2":"type-product","3":"status-publish","4":"has-post-thumbnail","6":"product_cat-cuir-synthetique","7":"product_cat-la-table","8":"product_cat-linge-de-table","9":"product_cat-outlet-tout-a-50","10":"product_cat-set-de-table","11":"pa_couleur-anthracite-bordeaux","12":"pa_dimensions-45x35-cm","13":"pa_grammage-600grs-m","14":"pa_matiere-76-pvc-22-polyester-2-polyurethane","15":"gamme-jamagne","17":"first","18":"outofstock","19":"sale","20":"taxable","21":"shipping-taxable","22":"purchasable","23":"product-type-simple"},"acf":[],"df_price":5.4,"df_sale_price":5.4,"df_regular_price":10.8,"df_image_link":"https:\/\/www.linvosges-hotellerie.com\/wp-content\/uploads\/2020\/12\/set-de-table-jamagne-76-pour-cent-pvc-22-pour-cent-polyester-2-pour-cent-polyurethane-600grs-m2-professionnel-restaurant-linvosges-hotellerie-300x300.jpg","_links":{"self":[{"href":"https:\/\/www.linvosges-hotellerie.com\/fr\/wp-json\/wp\/v2\/product\/9394","targetHints":{"allow":["GET"]}}],"collection":[{"href":"https:\/\/www.linvosges-hotellerie.com\/fr\/wp-json\/wp\/v2\/product"}],"about":[{"href":"https:\/\/www.linvosges-hotellerie.com\/fr\/wp-json\/wp\/v2\/types\/product"}],"wp:featuredmedia":[{"embeddable":true,"href":"https:\/\/www.linvosges-hotellerie.com\/fr\/wp-json\/wp\/v2\/media\/10270"}],"wp:attachment":[{"href":"https:\/\/www.linvosges-hotellerie.com\/fr\/wp-json\/wp\/v2\/media?parent=9394"}],"wp:term":[{"taxonomy":"label","embeddable":true,"href":"https:\/\/www.linvosges-hotellerie.com\/fr\/wp-json\/wp\/v2\/label?post=9394"},{"taxonomy":"product_brand","embeddable":true,"href":"https:\/\/www.linvosges-hotellerie.com\/fr\/wp-json\/wp\/v2\/product_brand?post=9394"},{"taxonomy":"product_cat","embeddable":true,"href":"https:\/\/www.linvosges-hotellerie.com\/fr\/wp-json\/wp\/v2\/product_cat?post=9394"},{"taxonomy":"product_tag","embeddable":true,"href":"https:\/\/www.linvosges-hotellerie.com\/fr\/wp-json\/wp\/v2\/product_tag?post=9394"},{"taxonomy":"gamme","embeddable":true,"href":"https:\/\/www.linvosges-hotellerie.com\/fr\/wp-json\/wp\/v2\/gamme?post=9394"},{"taxonomy":"matiere","embeddable":true,"href":"https:\/\/www.linvosges-hotellerie.com\/fr\/wp-json\/wp\/v2\/matiere?post=9394"}],"curies":[{"name":"wp","href":"https:\/\/api.w.org\/{rel}","templated":true}]}}