{"id":9715,"date":"2020-12-16T10:34:21","date_gmt":"2020-12-16T09:34:21","guid":{"rendered":"https:\/\/www.linvosges-hotellerie.fr\/non%20class\u00e9\/linge-de-table-lino\/"},"modified":"2025-04-23T21:35:38","modified_gmt":"2025-04-23T19:35:38","slug":"linge-de-table-lino","status":"publish","type":"product","link":"https:\/\/www.linvosges-hotellerie.com\/fr\/la-table\/linge-de-table-sur-mesure\/linge-de-table-lino\/","title":{"rendered":"Linge de table Lino"},"content":{"rendered":"<div\n\tid=\"wcpt-11608\"\n\tclass=\"wcpt wcpt-11608\"\n\tdata-wcpt-table-id=\"11608\"\ndata-wcpt-query-string=\"?11608_device=laptop\"\ndata-wcpt-sc-attrs=\"{&quot;ids&quot;:&quot;6375,6403,6413,6432,6451,6461&quot;,&quot;include_hidden&quot;:&quot;true&quot;}\"\n>\n<style>@media (max-width:749px) {\n#wcpt-11608 .wcpt-device-phone {\ndisplay: block;\n}\n\n#wcpt-11608 .wcpt-device-tablet,\n#wcpt-11608 .wcpt-device-laptop {\ndisplay: none;\n}\n}\n@media(max-width: 1199px) and (min-width:750px){}@media(max-width:749px){} @media(max-width:749px){}.woocommerce .cart a.button.wcpt-afrfqbt {\nbackground-color: rgb(0, 0, 0);\nfont-weight: bold;\nalign-items: center;\nbackground: #000;\nborder: 1px solid #000;\nborder-radius: 0;\ncolor: #fff;\ndisplay: flex;\nfont-size: .825rem;\nheight: 3rem;\nmargin-bottom: .5rem;\npadding: 0 2rem;\ntext-transform: uppercase;\n\n}<\/style>  <div \r\n    class=\"wcpt-navigation wcpt-header wcpt-always-show\"\r\n    style=\"\"\r\n  >\r\n  <\/div>  <div class=\"wcpt-responsive-navigation\"><\/div>\r\n  <div class=\"wcpt-nav-modal-tpl\">\n  <style media=\"screen\">\n    .wcpt-nm-apply {\n      background-color: #4CAF50    }\n  <\/style>\n  <div class=\"wcpt-nav-modal\" data-wcpt-table-id=\"11608\">\n    <div class=\"wcpt-nm-content wcpt-noselect\">\n      <div class=\"wcpt-nm-heading\">\n\t\t\t\t<a class=\"wcpt-nm-close\" href=\"javascript:void(0)\">\n\t\t\t\t\t<svg xmlns=\"http:\/\/www.w3.org\/2000\/svg\" width=\"24\" height=\"24\" viewBox=\"0 0 24 24\" fill=\"none\" stroke=\"currentColor\" stroke-width=\"2\" stroke-linecap=\"round\" stroke-linejoin=\"round\" aria-hidden=\"true\" data-reactid=\"271\"><polyline points=\"15 18 9 12 15 6\"><\/polyline>\n\t\t\t\t\t<\/svg>\n\t\t\t\t<\/a>\n        <span class=\"wcpt-nm-heading-text wcpt-on-filters-show\">\n          Filtres        <\/span>\n        <span class=\"wcpt-nm-heading-text wcpt-on-sort-show\">\n          Trier les r\u00e9sultats        <\/span>\n\t\t\t\t<div class=\"wcpt-nm-action\">\n\t\t\t\t\t<a href=\"javascript:void(0)\" class=\"wcpt-nm-reset\">\n\t\t\t\t\t\tRafra\u00eechir\t\t\t\t\t<\/a>\n\t        <a href=\"javascript:void(0)\" class=\"wcpt-nm-apply\">\n\t\t\t\t\t\tAppliquer\t\t\t\t\t<\/a>\n\t\t\t\t<\/div>\n      <\/div>\n      <div class=\"wcpt-navigation wcpt-left-sidebar\">\n        <div class=\"wcpt-nm-filters\">\n          <span class=\"wcpt-nm-filters-placeholder\"><\/span>\n        <\/div>\n        <div class=\"wcpt-nm-sort\">\n          <span class=\"wcpt-nm-sort-placeholder\"><\/span>\n        <\/div>\n      <\/div>\n    <\/div>\n  <\/div>\n<\/div>\n<div class=\"wcpt-no-results  wcpt-device-laptop\" data-wcpt-device=\"laptop\">\n\tNo results found. <a href=\".\" class=\"wcpt-clear-filters\">Clear filters<\/a> and try again?<\/div>\n<div class=\"wcpt-table-scroll-wrapper-outer wcpt-device-tablet\">\n<div class=\"wcpt-table-scroll-wrapper\">\n<span class=\"wcpt-icon wcpt-icon-loader wcpt-device-view-loading-icon \"   ><svg xmlns=\"http:\/\/www.w3.org\/2000\/svg\" width=\"24\" height=\"24\" viewBox=\"0 0 24 24\" fill=\"none\" stroke=\"currentColor\" stroke-width=\"2\" stroke-linecap=\"round\" stroke-linejoin=\"round\" class=\"feather feather-loader\"><line x1=\"12\" y1=\"2\" x2=\"12\" y2=\"6\"><\/line><line x1=\"12\" y1=\"18\" x2=\"12\" y2=\"22\"><\/line><line x1=\"4.93\" y1=\"4.93\" x2=\"7.76\" y2=\"7.76\"><\/line><line x1=\"16.24\" y1=\"16.24\" x2=\"19.07\" y2=\"19.07\"><\/line><line x1=\"2\" y1=\"12\" x2=\"6\" y2=\"12\"><\/line><line x1=\"18\" y1=\"12\" x2=\"22\" y2=\"12\"><\/line><line x1=\"4.93\" y1=\"19.07\" x2=\"7.76\" y2=\"16.24\"><\/line><line x1=\"16.24\" y1=\"7.76\" x2=\"19.07\" y2=\"4.93\"><\/line><\/svg><\/span><\/div>\n<\/div>\n<div class=\"wcpt-table-scroll-wrapper-outer wcpt-device-phone\">\n<div class=\"wcpt-table-scroll-wrapper\">\n<span class=\"wcpt-icon wcpt-icon-loader wcpt-device-view-loading-icon \"   ><svg xmlns=\"http:\/\/www.w3.org\/2000\/svg\" width=\"24\" height=\"24\" viewBox=\"0 0 24 24\" fill=\"none\" stroke=\"currentColor\" stroke-width=\"2\" stroke-linecap=\"round\" stroke-linejoin=\"round\" class=\"feather feather-loader\"><line x1=\"12\" y1=\"2\" x2=\"12\" y2=\"6\"><\/line><line x1=\"12\" y1=\"18\" x2=\"12\" y2=\"22\"><\/line><line x1=\"4.93\" y1=\"4.93\" x2=\"7.76\" y2=\"7.76\"><\/line><line x1=\"16.24\" y1=\"16.24\" x2=\"19.07\" y2=\"19.07\"><\/line><line x1=\"2\" y1=\"12\" x2=\"6\" y2=\"12\"><\/line><line x1=\"18\" y1=\"12\" x2=\"22\" y2=\"12\"><\/line><line x1=\"4.93\" y1=\"19.07\" x2=\"7.76\" y2=\"16.24\"><\/line><line x1=\"16.24\" y1=\"7.76\" x2=\"19.07\" y2=\"4.93\"><\/line><\/svg><\/span><\/div>\n<\/div>\n<\/div>\n\n","protected":false},"excerpt":{"rendered":"<p>Un enduit souple et facile d&#8217;entretien laissant appara\u00eetre les fibres du m\u00e9tis pour un c\u00f4t\u00e9 rustique<br \/>\nCe nappage offre un beau compromis entre la nappe en tissu pour un tomb\u00e9 souple et la toile cir\u00e9e pour un entretien facile \u00e0 l&#8217;\u00e9ponge<\/p>\n<p><strong>3 finitions au choix :\u00a0<\/strong><br \/>\n&#8211; ourlet simple : piqu\u00e9 \u00e0 2cm du bord pour les nappes &#8211; finition classique traditionnelle<br \/>\n&#8211; coins onglet 2cm : les ourlets de 2cm sont assembl\u00e9s par une couture \u00e0 45\u00b0 pour des pointes parfaites &#8211; finition raffin\u00e9e<br \/>\n&#8211; biais int\u00e9rieur : biais de 18mm cousu sur l&#8217;envers pour se rendre invisible &#8211; finition r\u00e9serv\u00e9e au nappes rondes pour \u00e9pouser les courbes du tissu<\/p>\n","protected":false},"featured_media":10238,"template":"","meta":{"_acf_changed":false},"label":[],"product_brand":[],"product_cat":[621,697,67],"product_tag":[770],"gamme":[626],"matiere":[],"class_list":{"0":"post-9715","1":"product","2":"type-product","3":"status-publish","4":"has-post-thumbnail","6":"product_cat-enduit","7":"product_cat-la-table","8":"product_cat-linge-de-table-sur-mesure","9":"product_tag-table","10":"pa_couleur-anis","11":"pa_couleur-bleu","12":"pa_couleur-bordeaux","13":"pa_couleur-corde","14":"pa_couleur-framboise","15":"pa_couleur-gris","16":"pa_couleur-lin","17":"pa_couleur-orange","18":"pa_couleur-perle","19":"pa_dimensions-130x130-cm","20":"pa_dimensions-130x170-cm","21":"pa_dimensions-35x45-cm","22":"pa_dimensions-90x130-cm","23":"pa_dimensions-90x90-cm","24":"pa_dimensions-diametre-130","25":"pa_matiere-55-lin-45-coton","26":"gamme-lino","28":"first","29":"outofstock","30":"taxable","31":"shipping-taxable","32":"product-type-grouped"},"acf":[],"df_price":"","df_sale_price":"","df_regular_price":"","df_image_link":"https:\/\/www.linvosges-hotellerie.com\/wp-content\/uploads\/2020\/12\/linge-de-table-lino-professionnel-restaurant-linvosges-hotellerie-professionnel-restaurant-300x300.jpg","_links":{"self":[{"href":"https:\/\/www.linvosges-hotellerie.com\/fr\/wp-json\/wp\/v2\/product\/9715","targetHints":{"allow":["GET"]}}],"collection":[{"href":"https:\/\/www.linvosges-hotellerie.com\/fr\/wp-json\/wp\/v2\/product"}],"about":[{"href":"https:\/\/www.linvosges-hotellerie.com\/fr\/wp-json\/wp\/v2\/types\/product"}],"wp:featuredmedia":[{"embeddable":true,"href":"https:\/\/www.linvosges-hotellerie.com\/fr\/wp-json\/wp\/v2\/media\/10238"}],"wp:attachment":[{"href":"https:\/\/www.linvosges-hotellerie.com\/fr\/wp-json\/wp\/v2\/media?parent=9715"}],"wp:term":[{"taxonomy":"label","embeddable":true,"href":"https:\/\/www.linvosges-hotellerie.com\/fr\/wp-json\/wp\/v2\/label?post=9715"},{"taxonomy":"product_brand","embeddable":true,"href":"https:\/\/www.linvosges-hotellerie.com\/fr\/wp-json\/wp\/v2\/product_brand?post=9715"},{"taxonomy":"product_cat","embeddable":true,"href":"https:\/\/www.linvosges-hotellerie.com\/fr\/wp-json\/wp\/v2\/product_cat?post=9715"},{"taxonomy":"product_tag","embeddable":true,"href":"https:\/\/www.linvosges-hotellerie.com\/fr\/wp-json\/wp\/v2\/product_tag?post=9715"},{"taxonomy":"gamme","embeddable":true,"href":"https:\/\/www.linvosges-hotellerie.com\/fr\/wp-json\/wp\/v2\/gamme?post=9715"},{"taxonomy":"matiere","embeddable":true,"href":"https:\/\/www.linvosges-hotellerie.com\/fr\/wp-json\/wp\/v2\/matiere?post=9715"}],"curies":[{"name":"wp","href":"https:\/\/api.w.org\/{rel}","templated":true}]}}