{"id":28171,"date":"2020-09-17T14:09:57","date_gmt":"2020-09-17T12:09:57","guid":{"rendered":"https:\/\/www.linvosges-hotellerie.com\/juridische-informatie\/"},"modified":"2024-06-06T10:36:12","modified_gmt":"2024-06-06T08:36:12","slug":"juridische-informatie","status":"publish","type":"page","link":"https:\/\/www.linvosges-hotellerie.com\/nl\/juridische-informatie\/","title":{"rendered":"Juridische informatie"},"content":{"rendered":"<p>Linvosges Soci\u00e9t\u00e9 Actions Simplifi\u00e9es met een kapitaal van 627.000\u20ac waarvan de maatschappelijke zetel gevestigd is te 6 place des d\u00e9port\u00e9s \/ 88400 G\u00e9rardmer \/ Frankrijk &#8211; R.C.S. Epinal SIREN 475 682480<br \/>SIRET 475 682 480 00193<br \/>BTW-identificatienummer: FR39475682480<br \/>Directeur publicatie :<\/p>\n<p>Patrick Pergament, voorzitter van Linvosges<\/p>\n<p>Algemeen directeur: Sophie LERMAN<\/p>\n<h2>Neem contact met ons op<\/h2>\n<h3>Per telefoon<\/h3>\n<p>Als je een bestelling wilt plaatsen, informatie wilt over bezorging, garanties of een klacht wilt indienen, helpt onze klantenservice je graag op :<br \/>In Frankrijk: 03 29 60 11 22 (prijs van een lokaal gesprek varieert per operator, geen toeslag)<br \/>Vanuit het buitenland: 0033 329 601 122<\/p>\n<p>We zijn beschikbaar van maandag tot vrijdag van 8.30 tot 12.00 uur en van 14.00 tot 17.00 uur en op vrijdag van 8.30 tot 12.00 uur en van 14.00 tot 16.30 uur.<\/p>\n<h3>Per fax<\/h3>\n<p>Vanuit Frankrijk: 0 329 601 123 Vanuit het buitenland: 00 33 329 601 123<\/p>\n<h3>Per post<\/h3>\n<p>LINVOSGES<br \/>Afdeling Hotel<br \/>BP 09<br \/>88401 G\u00e9rardmer Cedex Frankrijk<\/p>\n<p>Als u opmerkingen hebt over de werking van deze site, kunt u schrijven naar de beheerder van de site: <a href=\"mailto:hotellerie@linvosges.com\" rel=\"sponsored nofollow\">hotellerie@linvosges.com.<\/a><\/p>\n<h2>IT-ontwikkeling en hosting<\/h2>\n<p>IT ontwikkelingen: EKOUTE 3 rue du Devon BP 4407 44244 LA CHAPELLE SUR ERDRE CEDEX<br \/>+33(0) 2 40 29 73 73<br \/>Hosting: OVH 2 rue Kellermann 59100 ROUBAIX +33(0) 9 72 10 12 00<br \/>Ethiek<\/p>\n<p>Linvosges is lid van de F\u00e9d\u00e9ration des Entreprises de Vente \u00e0 Distance. <a href=\"https:\/\/www.mediateurfevad.fr\/\" rel=\"sponsored nofollow\">Klik hier<\/a> om naar de FEVAD-website te gaan.<\/p>\n<p>We zetten ons in om de ethiek van het beroep te respecteren en in het bijzonder de FEVAD-gedragscode voor e-commerce en verkoop op afstand.<\/p>\n<p>In haar hoedanigheid van lid van de FEVAD en in overeenstemming met de wetgeving betreffende de minnelijke schikking van geschillen door bemiddeling, is LINVOSGES toegetreden tot de bemiddelingsdienst voor e-commerce van de FEVAD (F\u00e9d\u00e9ration du e-commerce et de la Vente \u00e0 distance), die kan worden gecontacteerd op de volgende post- en elektronische adressen: 60 rue la Bo\u00e9tie, 75008 Parijs en  <a href=\"mailto:mediateurducommerce@fevad.com\" rel=\"sponsored nofollow\">mediateurducommerce@fevad.com.<\/a> De bemiddelingsmedewerker kan op uw verzoek tussenbeide komen in elk consumentengeschil waarvoor geen minnelijke schikking is gevonden. Ga voor meer informatie over hoe u contact kunt opnemen met de Ombudsman naar <a href=\"https:\/\/www.mediateurfevad.fr\" rel=\"sponsored nofollow\">https:\/\/www.mediateurfevad.fr.<\/a><\/p>\n<p>LINVOSGES is ook ambassadeur van de Vogezen en lid van <a href=\"https:\/\/www.vosges.com\" rel=\"sponsored nofollow\">www.vosges.com.<\/a><\/p>\n<h2>Handelsmerkenrecht &#8211; Auteursrecht<\/h2>\n<p>Alle handelsmerken, acroniemen, collectienamen, modellen en producten, elementen van deze site en hun architectuur vallen onder de Franse en Europese wetgeving inzake handelsmerken, auteursrecht en intellectueel eigendom. Alle reproductierechten zijn voorbehouden, inclusief voor downloadbare documenten en iconografische en fotografische weergaven.<\/p>\n<p>Reproductie van het geheel of een deel van deze site op welke elektronische drager dan ook is ten strengste verboden, met uitzondering van afdrukken voor strikt persoonlijk en priv\u00e9gebruik en zonder uitdrukkelijke toestemming van de publicatiedirecteur.<\/p>\n<h2>Beleid, privacy en cookies persoonlijke gegevens<\/h2>\n<p>De gegevens worden verzameld om bestellingen te plaatsen, klantrelaties te beheren en klanten te werven.<\/p>\n<p>Of per e-mail, door te schrijven naar onze functionaris voor gegevensbescherming: <a href=\"mailto:dpo@linvosges.com\">dpo@linvosges.com<\/a><\/p>\n<p>Of per post, door te schrijven naar het volgende adres<br \/>LINVOSGES<br \/>Afdeling Hotel<br \/>BP 09<br \/>88401 G\u00e9rardmer Cedex Frankrijk<\/p>\n<p>U hebt ook het recht om een klacht in te dienen bij de toezichthoudende autoriteit (de CNIL in Frankrijk).<\/p>\n<p><a href=\"https:\/\/www.linvosges-hotellerie.com\/nl\/cookie-handvest\/\">Klik hier<\/a> voor meer informatie over ons beleid inzake vertrouwelijkheid, de verwerking van persoonlijke gegevens en ons handvest inzake cookies.<\/p>\n","protected":false},"excerpt":{"rendered":"<p>Linvosges Soci\u00e9t\u00e9 Actions Simplifi\u00e9es met een kapitaal van 627.000\u20ac waarvan de maatschappelijke zetel gevestigd is te 6 place des d\u00e9port\u00e9s \/ 88400 G\u00e9rardmer \/ Frankrijk &#8211; R.C.S. Epinal SIREN 475 682480SIRET 475 682 480 00193BTW-identificatienummer: FR39475682480Directeur publicatie : Patrick Pergament, voorzitter van Linvosges Algemeen directeur: Sophie LERMAN Neem contact met ons op Per telefoon Als [&hellip;]<\/p>\n","protected":false},"author":3,"featured_media":10416,"parent":0,"menu_order":29,"comment_status":"closed","ping_status":"closed","template":"","meta":{"_acf_changed":false,"footnotes":""},"class_list":["post-28171","page","type-page","status-publish","has-post-thumbnail","hentry"],"acf":[],"_links":{"self":[{"href":"https:\/\/www.linvosges-hotellerie.com\/nl\/wp-json\/wp\/v2\/pages\/28171","targetHints":{"allow":["GET"]}}],"collection":[{"href":"https:\/\/www.linvosges-hotellerie.com\/nl\/wp-json\/wp\/v2\/pages"}],"about":[{"href":"https:\/\/www.linvosges-hotellerie.com\/nl\/wp-json\/wp\/v2\/types\/page"}],"author":[{"embeddable":true,"href":"https:\/\/www.linvosges-hotellerie.com\/nl\/wp-json\/wp\/v2\/users\/3"}],"replies":[{"embeddable":true,"href":"https:\/\/www.linvosges-hotellerie.com\/nl\/wp-json\/wp\/v2\/comments?post=28171"}],"version-history":[{"count":0,"href":"https:\/\/www.linvosges-hotellerie.com\/nl\/wp-json\/wp\/v2\/pages\/28171\/revisions"}],"wp:featuredmedia":[{"embeddable":true,"href":"https:\/\/www.linvosges-hotellerie.com\/nl\/wp-json\/wp\/v2\/media\/10416"}],"wp:attachment":[{"href":"https:\/\/www.linvosges-hotellerie.com\/nl\/wp-json\/wp\/v2\/media?parent=28171"}],"curies":[{"name":"wp","href":"https:\/\/api.w.org\/{rel}","templated":true}]}}