{"id":53514,"date":"2023-12-06T13:26:24","date_gmt":"2023-12-06T12:26:24","guid":{"rendered":"https:\/\/www.linvosges-hotellerie.com\/niet-gecategoriseerd\/dekbedovertrek-ecume-cheminee\/"},"modified":"2023-12-06T13:26:24","modified_gmt":"2023-12-06T12:26:24","slug":"dekbedovertrek-ecume-cheminee","status":"publish","type":"product","link":"https:\/\/www.linvosges-hotellerie.com\/nl\/outlet-biedt-50-korting\/dekbedovertrek-ecume-cheminee\/","title":{"rendered":"Dekbedovertrek \u00c9cume chemin\u00e9e"},"content":{"rendered":"<p>Dekbedovertrek 1 seersucker zijde x 1 perkal zijde. De stof met reli\u00ebf brengt een vleugje originaliteit en soberheid in deze 200 thread count perkal collectie. Seersucker is het resultaat van een weeftechniek waarbij verschillende spanningen worden toegepast om een stof te maken die zowel glad is aan de onderkant als reli\u00ebf heeft aan het oppervlak. Dit reli\u00ebf maakt de stof ademend en licht, vandaar de naam van onze Ecume-lijn. Een ander voordeel is dat het niet gestreken hoeft te worden.<br \/>\nKatoenvezel is een edel materiaal bij uitstek en is van nature comfortabel en slijtvast.<\/p>\n<p>Schoorsteenvormige afwerking + doorvoer<\/p>\n","protected":false},"excerpt":{"rendered":"<p>Machinewasbaar op 60\u00b0.<br \/>\nChloor en bleekmiddelen verboden<br \/>\nDroogtrommel op 60\u00b0.<br \/>\nStrijken op een maximumtemperatuur van 150\u00b0.<br \/>\nChemisch reinigen verboden<\/p>\n<p><span class=\"ginetex\">  4 o s b U  <\/span><\/p>\n","protected":false},"featured_media":29895,"template":"","meta":{"_acf_changed":false},"label":[],"product_brand":[],"product_cat":[1539],"product_tag":[],"gamme":[1718],"matiere":[1527],"class_list":{"0":"post-53514","1":"product","2":"type-product","3":"status-publish","4":"has-post-thumbnail","6":"product_cat-outlet-biedt-50-korting","7":"pa_couleur-wit","8":"pa_dimensions-280-240-cm","9":"pa_grammage-120grs-m","10":"pa_matiere-100-katoen","11":"gamme-schuim","12":"matiere-katoen","14":"first","15":"outofstock","16":"taxable","17":"shipping-taxable","18":"product-type-variable","19":"has-default-attributes"},"acf":[],"df_price":"","df_sale_price":"","df_regular_price":"","df_image_link":"https:\/\/www.linvosges-hotellerie.com\/wp-content\/uploads\/2020\/12\/ligne-de-lit-percale-seersucker-ecume-coton-120-grs-m2-hotel-professionnel-linvosges-hotellerie-4-300x300.jpg","_links":{"self":[{"href":"https:\/\/www.linvosges-hotellerie.com\/nl\/wp-json\/wp\/v2\/product\/53514","targetHints":{"allow":["GET"]}}],"collection":[{"href":"https:\/\/www.linvosges-hotellerie.com\/nl\/wp-json\/wp\/v2\/product"}],"about":[{"href":"https:\/\/www.linvosges-hotellerie.com\/nl\/wp-json\/wp\/v2\/types\/product"}],"wp:featuredmedia":[{"embeddable":true,"href":"https:\/\/www.linvosges-hotellerie.com\/nl\/wp-json\/wp\/v2\/media\/29895"}],"wp:attachment":[{"href":"https:\/\/www.linvosges-hotellerie.com\/nl\/wp-json\/wp\/v2\/media?parent=53514"}],"wp:term":[{"taxonomy":"label","embeddable":true,"href":"https:\/\/www.linvosges-hotellerie.com\/nl\/wp-json\/wp\/v2\/label?post=53514"},{"taxonomy":"product_brand","embeddable":true,"href":"https:\/\/www.linvosges-hotellerie.com\/nl\/wp-json\/wp\/v2\/product_brand?post=53514"},{"taxonomy":"product_cat","embeddable":true,"href":"https:\/\/www.linvosges-hotellerie.com\/nl\/wp-json\/wp\/v2\/product_cat?post=53514"},{"taxonomy":"product_tag","embeddable":true,"href":"https:\/\/www.linvosges-hotellerie.com\/nl\/wp-json\/wp\/v2\/product_tag?post=53514"},{"taxonomy":"gamme","embeddable":true,"href":"https:\/\/www.linvosges-hotellerie.com\/nl\/wp-json\/wp\/v2\/gamme?post=53514"},{"taxonomy":"matiere","embeddable":true,"href":"https:\/\/www.linvosges-hotellerie.com\/nl\/wp-json\/wp\/v2\/matiere?post=53514"}],"curies":[{"name":"wp","href":"https:\/\/api.w.org\/{rel}","templated":true}]}}